{"id":1795,"date":"2015-01-26T16:22:34","date_gmt":"2015-01-26T15:22:34","guid":{"rendered":"http:\/\/airandmore.at\/branchenverzeichnis\/?page_id=1795"},"modified":"2015-05-08T19:11:21","modified_gmt":"2015-05-08T18:11:21","slug":"unsere-idee","status":"publish","type":"page","link":"https:\/\/airandmore.at\/branchenverzeichnis\/unsere-idee\/","title":{"rendered":"Unsere Idee"},"content":{"rendered":"<p>Luftaufnahmen mit Multicoptern sind en vogue. Dabei bildet die Fangemeinde rund um unbemannte Luftfahrzeuge einen erheblichen Wirtschaftsfaktor, der st\u00e4tig w\u00e4chst und w\u00e4chst. Mit\u00a0<strong>Copter&amp;Camera\u00a0<\/strong>haben wir es uns zur Aufgabe gemacht, Hersteller, Luftbilddienstleister und H\u00e4ndler aus Deutschland, \u00d6sterreich und der Schweiz unter einem Dach zu versammeln. Nicht nur, um Anbieter und Kunden effizienter zusammenzuf\u00fchren, sondern auch, um Marktteilnehmer nachhaltig miteinander zu vernetzen.<\/p>\n<p>Denn mit der Nachfrage nach professionellen Luftaufnahmen <a href=\"http:\/\/airandmore.at\/branchenverzeichnis\/wp-content\/uploads\/copter.jpg\"><img loading=\"lazy\" decoding=\"async\" class=\"alignleft wp-image-1798\" src=\"http:\/\/airandmore.at\/branchenverzeichnis\/wp-content\/uploads\/copter-300x199.jpg\" alt=\"copter\" width=\"167\" height=\"111\" srcset=\"https:\/\/airandmore.at\/branchenverzeichnis\/wp-content\/uploads\/copter-300x199.jpg 300w, https:\/\/airandmore.at\/branchenverzeichnis\/wp-content\/uploads\/copter-180x120.jpg 180w, https:\/\/airandmore.at\/branchenverzeichnis\/wp-content\/uploads\/copter.jpg 1000w\" sizes=\"auto, (max-width: 167px) 100vw, 167px\" \/><\/a><br \/>\nfloriert zugleich auch ein nahezu un\u00fcberschaubares Angebot.<br \/>\nWer hat die Dienstleistung die ich brauche?<br \/>\nWo finde ich Qualit\u00e4t zu einem vern\u00fcnftigen Preis?<\/p>\n<p>Mehr Ordnung im Durcheinander \u2013 das ist unser Ansatz!<\/p>\n<p><strong>Copter&amp;Camera die kostenlose Win-Win Plattform<\/strong>, nicht nur f\u00fcr Luftfilmer, -fotografen und Copterfreaks, sondern f\u00fcr einen zukunftsreichen Dienstleistungssektor insgesamt.<\/p>\n","protected":false},"excerpt":{"rendered":"<p>Luftaufnahmen mit Multicoptern sind en vogue. Dabei bildet die Fangemeinde rund um unbemannte Luftfahrzeuge einen erheblichen Wirtschaftsfaktor, der st\u00e4tig w\u00e4chst und w\u00e4chst. Mit\u00a0Copter&amp;Camera\u00a0haben wir es uns zur Aufgabe gemacht, Hersteller, Luftbilddienstleister und H\u00e4ndler aus Deutschland, \u00d6sterreich und der Schweiz unter einem Dach zu versammeln. Nicht nur, um Anbieter und Kunden effizienter zusammenzuf\u00fchren, sondern auch, um [&hellip;]<\/p>\n","protected":false},"author":282,"featured_media":1798,"parent":0,"menu_order":0,"comment_status":"closed","ping_status":"closed","template":"","meta":{"footnotes":""},"class_list":["post-1795","page","type-page","status-publish","has-post-thumbnail","hentry"],"yoast_head":"<!-- This site is optimized with the Yoast SEO plugin v25.5 - https:\/\/yoast.com\/wordpress\/plugins\/seo\/ -->\n<title>Drohnen Branchenverzeichnis<\/title>\n<meta name=\"description\" content=\"COPTER&amp;CAMERA - Drohnen Unternehmen in Deutschland und \u00d6sterreich: Professionelle Dienstleister f\u00fcr Filme und Luftaufnahmen, Schulungen, Flugtrainings, Drohnen Service und Drohnen Shops!\" \/>\n<meta name=\"robots\" content=\"index, follow, max-snippet:-1, max-image-preview:large, max-video-preview:-1\" \/>\n<link rel=\"canonical\" href=\"https:\/\/airandmore.at\/branchenverzeichnis\/unsere-idee\/\" \/>\n<meta property=\"og:locale\" content=\"de_DE\" \/>\n<meta property=\"og:type\" content=\"article\" \/>\n<meta property=\"og:title\" content=\"Drohnen Branchenverzeichnis\" \/>\n<meta property=\"og:description\" content=\"COPTER&amp;CAMERA - Drohnen Unternehmen in Deutschland und \u00d6sterreich: Professionelle Dienstleister f\u00fcr Filme und Luftaufnahmen, Schulungen, Flugtrainings, Drohnen Service und Drohnen Shops!\" \/>\n<meta property=\"og:url\" content=\"https:\/\/airandmore.at\/branchenverzeichnis\/unsere-idee\/\" \/>\n<meta property=\"og:site_name\" content=\"Copter&amp;Camera\" \/>\n<meta property=\"article:modified_time\" content=\"2015-05-08T18:11:21+00:00\" \/>\n<meta property=\"og:image\" content=\"https:\/\/airandmore.at\/branchenverzeichnis\/wp-content\/uploads\/copter.jpg\" \/>\n\t<meta property=\"og:image:width\" content=\"1000\" \/>\n\t<meta property=\"og:image:height\" content=\"664\" \/>\n\t<meta property=\"og:image:type\" content=\"image\/jpeg\" \/>\n<meta name=\"twitter:card\" content=\"summary_large_image\" \/>\n<meta name=\"twitter:label1\" content=\"Gesch\u00e4tzte Lesezeit\" \/>\n\t<meta name=\"twitter:data1\" content=\"1\u00a0Minute\" \/>\n<script type=\"application\/ld+json\" class=\"yoast-schema-graph\">{\"@context\":\"https:\/\/schema.org\",\"@graph\":[{\"@type\":\"WebPage\",\"@id\":\"https:\/\/airandmore.at\/branchenverzeichnis\/unsere-idee\/\",\"url\":\"https:\/\/airandmore.at\/branchenverzeichnis\/unsere-idee\/\",\"name\":\"Drohnen Branchenverzeichnis\",\"isPartOf\":{\"@id\":\"https:\/\/airandmore.at\/branchenverzeichnis\/#website\"},\"primaryImageOfPage\":{\"@id\":\"https:\/\/airandmore.at\/branchenverzeichnis\/unsere-idee\/#primaryimage\"},\"image\":{\"@id\":\"https:\/\/airandmore.at\/branchenverzeichnis\/unsere-idee\/#primaryimage\"},\"thumbnailUrl\":\"https:\/\/airandmore.at\/branchenverzeichnis\/wp-content\/uploads\/copter.jpg\",\"datePublished\":\"2015-01-26T15:22:34+00:00\",\"dateModified\":\"2015-05-08T18:11:21+00:00\",\"description\":\"COPTER&CAMERA - Drohnen Unternehmen in Deutschland und \u00d6sterreich: Professionelle Dienstleister f\u00fcr Filme und Luftaufnahmen, Schulungen, Flugtrainings, Drohnen Service und Drohnen Shops!\",\"breadcrumb\":{\"@id\":\"https:\/\/airandmore.at\/branchenverzeichnis\/unsere-idee\/#breadcrumb\"},\"inLanguage\":\"de\",\"potentialAction\":[{\"@type\":\"ReadAction\",\"target\":[\"https:\/\/airandmore.at\/branchenverzeichnis\/unsere-idee\/\"]}]},{\"@type\":\"ImageObject\",\"inLanguage\":\"de\",\"@id\":\"https:\/\/airandmore.at\/branchenverzeichnis\/unsere-idee\/#primaryimage\",\"url\":\"https:\/\/airandmore.at\/branchenverzeichnis\/wp-content\/uploads\/copter.jpg\",\"contentUrl\":\"https:\/\/airandmore.at\/branchenverzeichnis\/wp-content\/uploads\/copter.jpg\",\"width\":1000,\"height\":664},{\"@type\":\"BreadcrumbList\",\"@id\":\"https:\/\/airandmore.at\/branchenverzeichnis\/unsere-idee\/#breadcrumb\",\"itemListElement\":[{\"@type\":\"ListItem\",\"position\":1,\"name\":\"Startseite\",\"item\":\"https:\/\/airandmore.at\/branchenverzeichnis\/\"},{\"@type\":\"ListItem\",\"position\":2,\"name\":\"Unsere Idee\"}]},{\"@type\":\"WebSite\",\"@id\":\"https:\/\/airandmore.at\/branchenverzeichnis\/#website\",\"url\":\"https:\/\/airandmore.at\/branchenverzeichnis\/\",\"name\":\"Copter&Camera\",\"description\":\"In unserem Drohnen Verzeichnis findest Du Drohnen Hersteller, Drohnen H\u00e4ndler, Drohnen Filmer und viele andere Drohnen Dienstleister aus \u00d6sterreich, Deutschland und der Schweiz\",\"publisher\":{\"@id\":\"https:\/\/airandmore.at\/branchenverzeichnis\/#organization\"},\"potentialAction\":[{\"@type\":\"SearchAction\",\"target\":{\"@type\":\"EntryPoint\",\"urlTemplate\":\"https:\/\/airandmore.at\/branchenverzeichnis\/?s={search_term_string}\"},\"query-input\":{\"@type\":\"PropertyValueSpecification\",\"valueRequired\":true,\"valueName\":\"search_term_string\"}}],\"inLanguage\":\"de\"},{\"@type\":\"Organization\",\"@id\":\"https:\/\/airandmore.at\/branchenverzeichnis\/#organization\",\"name\":\"Copter&Camera\",\"url\":\"https:\/\/airandmore.at\/branchenverzeichnis\/\",\"logo\":{\"@type\":\"ImageObject\",\"inLanguage\":\"de\",\"@id\":\"https:\/\/airandmore.at\/branchenverzeichnis\/#\/schema\/logo\/image\/\",\"url\":\"https:\/\/airandmore.at\/branchenverzeichnis\/wp-content\/uploads\/copterundcamera2-1.png\",\"contentUrl\":\"https:\/\/airandmore.at\/branchenverzeichnis\/wp-content\/uploads\/copterundcamera2-1.png\",\"width\":251,\"height\":93,\"caption\":\"Copter&Camera\"},\"image\":{\"@id\":\"https:\/\/airandmore.at\/branchenverzeichnis\/#\/schema\/logo\/image\/\"}}]}<\/script>\n<!-- \/ Yoast SEO plugin. -->","yoast_head_json":{"title":"Drohnen Branchenverzeichnis","description":"COPTER&CAMERA - Drohnen Unternehmen in Deutschland und \u00d6sterreich: Professionelle Dienstleister f\u00fcr Filme und Luftaufnahmen, Schulungen, Flugtrainings, Drohnen Service und Drohnen Shops!","robots":{"index":"index","follow":"follow","max-snippet":"max-snippet:-1","max-image-preview":"max-image-preview:large","max-video-preview":"max-video-preview:-1"},"canonical":"https:\/\/airandmore.at\/branchenverzeichnis\/unsere-idee\/","og_locale":"de_DE","og_type":"article","og_title":"Drohnen Branchenverzeichnis","og_description":"COPTER&CAMERA - Drohnen Unternehmen in Deutschland und \u00d6sterreich: Professionelle Dienstleister f\u00fcr Filme und Luftaufnahmen, Schulungen, Flugtrainings, Drohnen Service und Drohnen Shops!","og_url":"https:\/\/airandmore.at\/branchenverzeichnis\/unsere-idee\/","og_site_name":"Copter&amp;Camera","article_modified_time":"2015-05-08T18:11:21+00:00","og_image":[{"width":1000,"height":664,"url":"https:\/\/airandmore.at\/branchenverzeichnis\/wp-content\/uploads\/copter.jpg","type":"image\/jpeg"}],"twitter_card":"summary_large_image","twitter_misc":{"Gesch\u00e4tzte Lesezeit":"1\u00a0Minute"},"schema":{"@context":"https:\/\/schema.org","@graph":[{"@type":"WebPage","@id":"https:\/\/airandmore.at\/branchenverzeichnis\/unsere-idee\/","url":"https:\/\/airandmore.at\/branchenverzeichnis\/unsere-idee\/","name":"Drohnen Branchenverzeichnis","isPartOf":{"@id":"https:\/\/airandmore.at\/branchenverzeichnis\/#website"},"primaryImageOfPage":{"@id":"https:\/\/airandmore.at\/branchenverzeichnis\/unsere-idee\/#primaryimage"},"image":{"@id":"https:\/\/airandmore.at\/branchenverzeichnis\/unsere-idee\/#primaryimage"},"thumbnailUrl":"https:\/\/airandmore.at\/branchenverzeichnis\/wp-content\/uploads\/copter.jpg","datePublished":"2015-01-26T15:22:34+00:00","dateModified":"2015-05-08T18:11:21+00:00","description":"COPTER&CAMERA - Drohnen Unternehmen in Deutschland und \u00d6sterreich: Professionelle Dienstleister f\u00fcr Filme und Luftaufnahmen, Schulungen, Flugtrainings, Drohnen Service und Drohnen Shops!","breadcrumb":{"@id":"https:\/\/airandmore.at\/branchenverzeichnis\/unsere-idee\/#breadcrumb"},"inLanguage":"de","potentialAction":[{"@type":"ReadAction","target":["https:\/\/airandmore.at\/branchenverzeichnis\/unsere-idee\/"]}]},{"@type":"ImageObject","inLanguage":"de","@id":"https:\/\/airandmore.at\/branchenverzeichnis\/unsere-idee\/#primaryimage","url":"https:\/\/airandmore.at\/branchenverzeichnis\/wp-content\/uploads\/copter.jpg","contentUrl":"https:\/\/airandmore.at\/branchenverzeichnis\/wp-content\/uploads\/copter.jpg","width":1000,"height":664},{"@type":"BreadcrumbList","@id":"https:\/\/airandmore.at\/branchenverzeichnis\/unsere-idee\/#breadcrumb","itemListElement":[{"@type":"ListItem","position":1,"name":"Startseite","item":"https:\/\/airandmore.at\/branchenverzeichnis\/"},{"@type":"ListItem","position":2,"name":"Unsere Idee"}]},{"@type":"WebSite","@id":"https:\/\/airandmore.at\/branchenverzeichnis\/#website","url":"https:\/\/airandmore.at\/branchenverzeichnis\/","name":"Copter&Camera","description":"In unserem Drohnen Verzeichnis findest Du Drohnen Hersteller, Drohnen H\u00e4ndler, Drohnen Filmer und viele andere Drohnen Dienstleister aus \u00d6sterreich, Deutschland und der Schweiz","publisher":{"@id":"https:\/\/airandmore.at\/branchenverzeichnis\/#organization"},"potentialAction":[{"@type":"SearchAction","target":{"@type":"EntryPoint","urlTemplate":"https:\/\/airandmore.at\/branchenverzeichnis\/?s={search_term_string}"},"query-input":{"@type":"PropertyValueSpecification","valueRequired":true,"valueName":"search_term_string"}}],"inLanguage":"de"},{"@type":"Organization","@id":"https:\/\/airandmore.at\/branchenverzeichnis\/#organization","name":"Copter&Camera","url":"https:\/\/airandmore.at\/branchenverzeichnis\/","logo":{"@type":"ImageObject","inLanguage":"de","@id":"https:\/\/airandmore.at\/branchenverzeichnis\/#\/schema\/logo\/image\/","url":"https:\/\/airandmore.at\/branchenverzeichnis\/wp-content\/uploads\/copterundcamera2-1.png","contentUrl":"https:\/\/airandmore.at\/branchenverzeichnis\/wp-content\/uploads\/copterundcamera2-1.png","width":251,"height":93,"caption":"Copter&Camera"},"image":{"@id":"https:\/\/airandmore.at\/branchenverzeichnis\/#\/schema\/logo\/image\/"}}]}},"_links":{"self":[{"href":"https:\/\/airandmore.at\/branchenverzeichnis\/wp-json\/wp\/v2\/pages\/1795","targetHints":{"allow":["GET"]}}],"collection":[{"href":"https:\/\/airandmore.at\/branchenverzeichnis\/wp-json\/wp\/v2\/pages"}],"about":[{"href":"https:\/\/airandmore.at\/branchenverzeichnis\/wp-json\/wp\/v2\/types\/page"}],"author":[{"embeddable":true,"href":"https:\/\/airandmore.at\/branchenverzeichnis\/wp-json\/wp\/v2\/users\/282"}],"replies":[{"embeddable":true,"href":"https:\/\/airandmore.at\/branchenverzeichnis\/wp-json\/wp\/v2\/comments?post=1795"}],"version-history":[{"count":0,"href":"https:\/\/airandmore.at\/branchenverzeichnis\/wp-json\/wp\/v2\/pages\/1795\/revisions"}],"wp:featuredmedia":[{"embeddable":true,"href":"https:\/\/airandmore.at\/branchenverzeichnis\/wp-json\/wp\/v2\/media\/1798"}],"wp:attachment":[{"href":"https:\/\/airandmore.at\/branchenverzeichnis\/wp-json\/wp\/v2\/media?parent=1795"}],"curies":[{"name":"wp","href":"https:\/\/api.w.org\/{rel}","templated":true}]}}