{"id":1764,"date":"2015-01-23T15:40:52","date_gmt":"2015-01-23T14:40:52","guid":{"rendered":"http:\/\/airandmore.at\/branchenverzeichnis\/?page_id=1764"},"modified":"2016-12-30T16:52:34","modified_gmt":"2016-12-30T15:52:34","slug":"nutzungsbedingungen","status":"publish","type":"page","link":"https:\/\/airandmore.at\/branchenverzeichnis\/nutzungsbedingungen\/","title":{"rendered":"Nutzungsbedingungen"},"content":{"rendered":"<h3>1. Allgemeines<\/h3>\n<p>Diese Nutzungsbedingungen gelten zwischen dem Websitebetreiber laut Impressum von Copter&amp;Camera und seinen Nutzern. Nutzer sind registrierte Anbieter und nicht registrierte Interessenten. Copter&amp;Camera erbringt seine Leistungen ausschlie\u00dflich auf der Grundlage dieser Nutzungsbedingungen.<\/p>\n<h3>2. Registrierung und Mitgliedschaft<\/h3>\n<p>Copter&amp;Camera stellt registrierten Nutzern ein Portal zur Unternehmenspr\u00e4sentation bereit. Die Nutzung des Portals ist f\u00fcr Anbieter und Interessenten kostenfrei. Die Laufzeit der Mitgliedschaft ist unbefristet. Mitgliedschaften k\u00f6nnen ohne Angabe von Gr\u00fcnden jederzeit aufgehoben und Accounts entfernt werden. Mit der \u00dcbermittlung der Zugangsdaten erkl\u00e4ren sich registrierte Nutzer einverstanden, Informationsmails von Copter&amp;Camera (bzw. der AIR&amp;MORE OG) zu erhalten und stimmen der Einblendung von Werbung zu.<br \/>\nMit der Ver\u00f6ffentlichung der Unternehmensdaten erkl\u00e4rt der verantwortliche Anbieter sein Einverst\u00e4ndnis zur Ver\u00f6ffentlichung und Verarbeitung seiner Daten im Rahmen der geltenden Datenschutzerkl\u00e4rung.<br \/>\nInteressenten k\u00f6nnen das Portal ohne Registrierung nutzen. Copter&amp;Camera (bzw. die AIR&amp;MORE OG) ist als Betreiber des Portals als reiner Vermittler zwischen Anbietern und Interessenten anzusehen. Rechtsgesch\u00e4fte jeglicher Art zwischen Anbieter und Interessenten werden ausschlie\u00dflich zwischen beiden Beteiligten abgewickelt.<\/p>\n<h3>3. Nutzungsbeschr\u00e4nkungen und Eintrags\u00e4nderungen<\/h3>\n<p>Der Anbieter versichert, dass alle von ihm gemachten Angaben richtig und nicht irref\u00fchrend sind.<br \/>\nDer Anbieter gew\u00e4hrleistet ausdr\u00fccklich, dass alle eingestellten Inhalte wie z.B. Beitr\u00e4ge, Texte, Grafiken, Bilder, Logos oder sonstige Materialien nicht gegen gesetzliche Vorschriften und gegen die guten Sitten versto\u00dfen. Unzul\u00e4ssig sind insbesondere Inhalte,<br \/>\n&#8211; die Rechte, insbesondere Urheber-, Namens- oder Markenrechte Dritter verletzen;<br \/>\n&#8211; die gewaltverherrlichender oder pornographischer Art sind;<br \/>\n&#8211; die Viren, trojanische Pferde oder andere Programme enthalten, die geeignet sind, Daten oder Systeme zu sch\u00e4digen, heimlich abzufangen oder zu l\u00f6schen.<\/p>\n<p>Soweit der Anbieter nicht selbst Inhaber s\u00e4mtlicher Rechte von eingestellten Inhalten ist, versichert er, zur Ver\u00f6ffentlichung berechtigt zu sein und eventuell erforderliche Zustimmungen des Berechtigten eingeholt zu haben.<br \/>\nInteressenten d\u00fcrfen die Funktionen des Portals nur im Rahmen der hierf\u00fcr vorgesehenen Zwecke nutzen. Der Versand von Spam oder Werbesendungen ist ausdr\u00fccklich untersagt.<br \/>\nCopter&amp;Camera beh\u00e4lt sich vor, Nutzer auszuschlie\u00dfen. Insbesondere vorbehalten wird das Recht, Eintr\u00e4ge oder einzelne Bilder ohne Angabe von Gr\u00fcnden abzulehnen oder bestehende Registrierungen fristlos zu l\u00f6schen, wenn Copter&amp;Camera hierzu einen Verdacht hat. Ein Verdacht liegt insbesondere vor, wenn der Nutzer gegen diese Nutzungsbedingungen verst\u00f6\u00dft, indem er falsche oder irref\u00fchrende Angaben zum Unternehmen macht oder der Inhalt seiner Eintragung gegen beh\u00f6rdliche Verbote, gesetzliche Bestimmungen oder die guten Sitten verst\u00f6\u00dft. Eine Ausschlie\u00dfung von Copter&amp;Camera wird in keinem Fall begr\u00fcndet.<br \/>\nCopter&amp;Camera hat das Recht, Eintr\u00e4ge aus Gr\u00fcnden zur besseren Auffindbarkeit zu modifizieren, wenn deren inhaltliche Richtigkeit dadurch nicht ber\u00fchrt wird.<\/p>\n<h3>4. Haftungsausschluss<\/h3>\n<p>Copter&amp;Camera garantiert nicht, dass das Portal ohne Unterbrechung zur Verf\u00fcgung steht. Die Beseitigung von St\u00f6rungen und die Durchf\u00fchrung von Wartungsarbeiten k\u00f6nnen es erforderlich machen, die Abrufbarkeit zu unterbrechen. Copter&amp;Camera beh\u00e4lt sich das Recht vor Teile des Portals zu ver\u00e4ndern. Keine Verantwortung \u00fcbernehmen wir f\u00fcr Inhalte, zu denen man \u00fcber einen Link gelangt, der erkennbar aus dem Portal hinausf\u00fchrt. Auf den Inhalt solcher fremden Websites haben wir keinen Einfluss und wir machen uns deren Inhalt auch nicht zu Eigen.<br \/>\nCopter&amp;Camera \u00fcbernimmt keinerlei Gew\u00e4hr f\u00fcr die inhaltliche Richtigkeit und Vollst\u00e4ndigkeit von Eintr\u00e4gen. Gleiches gilt f\u00fcr die Nichtbeeintr\u00e4chtigung von Rechten Dritter, insbesondere von eingestellten Bildern. Eine \u00dcberpr\u00fcfung von Inhalten nimmt Copter&amp;Camera nur in offensichtlichen F\u00e4llen vor. Unabh\u00e4ngig davon liegt die Verantwortlichkeit f\u00fcr eingestellte Inhalte ausschlie\u00dflich bei dem Anbieter.<br \/>\nCopter&amp;Camera \u00fcbernimmt keinerlei Gew\u00e4hrleistung f\u00fcr die zwischen den Teilnehmern geschlossenen Vertr\u00e4ge.<br \/>\nDer Nutzer ist verpflichtet, Copter&amp;Camera von Anspr\u00fcchen Dritter freizustellen.<\/p>\n<h3>5. Datenschutz<\/h3>\n<p>Alle auf Copter&amp;Camera bekannt gegebenen Daten werden nicht verkauft, vermietet oder an Dritte weitergegeben. Eine Vervielf\u00e4ltigung, Verbreitung oder anderweitige Verwendung der Daten und\/oder Dienste ist nur im ausdr\u00fccklich zugelassenen Rahmen rechtm\u00e4\u00dfig. Die Preisgabe pers\u00f6nlicher oder gesch\u00e4ftlicher Daten innerhalb von Copter&amp;Camera erfolgt auf ausdr\u00fccklich freiwilliger Basis. Die Nutzung der im Impressum oder andersweitig ver\u00f6ffentlichten Kontaktdaten (Postanschriften, Telefon- und Faxnummern, eMail-Adressen) durch Dritte zur \u00dcbersendung von nicht ausdr\u00fccklich angeforderten Informationen ist nicht gestattet. Bei Verst\u00f6\u00dfen gegen dieses Verbot sind rechtliche Schritte gegen die Versender (etwa von Spam-eMails) ausdr\u00fccklich vorbehalten.<br \/>\nWir weisen darauf hin, dass die Daten\u00fcbertragung im Internet (z.B. bei der Kommunikation per E-Mail) Sicherheitsl\u00fccken aufweisen kann. Ein l\u00fcckenloser Schutz der Daten vor dem Zugriff durch Dritte ist nicht m\u00f6glich.<\/p>\n<h3>6. Urheberrecht<\/h3>\n<p>Die Inhalte auf Copter&amp;Camera sind urheberrechtlich und\/oder durch andere Schutzrechte gesch\u00fctzt. Ihre Nutzung unterliegt den geltenden Urheber- und anderen Schutzgesetzen. Jede Nutzung der Inhalte, auch auszugsweise, insbesondere f\u00fcr kommerzielle Zwecke, bedarf der vorherigen Genehmigung durch den Rechteinhaber. Als Rechteinhaber kommen u.a. die Anbieter oder Copter&amp;Camera selbst in Betracht. Erlaubt ist die Anfertigung einer Kopie von Inhalten als Speicherung oder Druck ausschlie\u00dflich zur pers\u00f6nlichen, nichtgewerblichen Nutzung unter der Voraussetzung, dass Legenden oder sonstige Quellenangaben nicht gef\u00e4lscht oder gel\u00f6scht werden.<\/p>\n<h3>7. \u00c4nderung der Nutzungsbedingungen<\/h3>\n<p>Copter&amp;Camera beh\u00e4lt sich das Recht vor, die Nutzungsbedingungen zu \u00e4ndern. Alle Anbieter werden \u00fcber die geplanten \u00c4nderungen rechtzeitig informiert. Innerhalb von vier Wochen nach der Zusendung der Mitteilung \u00fcber etwaige \u00c4nderungen, kann diesen widersprochen werden. Soweit der Nutzer innerhalb dieses Zeitraumes keinen Widerspruch erhebt, wird von einer Zustimmung zur \u00c4nderung ausgegangen.<\/p>\n<h3>8. Salvatorische Klausel<\/h3>\n<p>Sollte eine Bestimmung dieser Nutzungsbedingungen unwirksam oder undurchf\u00fchrbar sein, tritt an ihre Stelle die g\u00fcltige oder durchf\u00fchrbare Bestimmung, die dem Rechtsgedanken der unwirksamen oder undurchf\u00fchrbaren Bestimmung am n\u00e4chsten kommt. F\u00fcr diese Nutzungsbedingungen und die gesamten Rechtsbeziehungen zwischen dem Nutzer und Copter&amp;Camera gilt das Recht der Republik \u00d6sterreich.<\/p>\n","protected":false},"excerpt":{"rendered":"<p>1. Allgemeines Diese Nutzungsbedingungen gelten zwischen dem Websitebetreiber laut Impressum von Copter&amp;Camera und seinen Nutzern. Nutzer sind registrierte Anbieter und nicht registrierte Interessenten. Copter&amp;Camera erbringt seine Leistungen ausschlie\u00dflich auf der Grundlage dieser Nutzungsbedingungen. 2. Registrierung und Mitgliedschaft Copter&amp;Camera stellt registrierten Nutzern ein Portal zur Unternehmenspr\u00e4sentation bereit. Die Nutzung des Portals ist f\u00fcr Anbieter und Interessenten [&hellip;]<\/p>\n","protected":false},"author":282,"featured_media":0,"parent":0,"menu_order":0,"comment_status":"open","ping_status":"open","template":"","meta":{"footnotes":""},"class_list":["post-1764","page","type-page","status-publish","hentry"],"yoast_head":"<!-- This site is optimized with the Yoast SEO plugin v25.5 - https:\/\/yoast.com\/wordpress\/plugins\/seo\/ -->\n<title>Drohnen Branchenverzeichnis<\/title>\n<meta name=\"description\" content=\"COPTER&amp;CAMERA - Drohnen Unternehmen in Deutschland und \u00d6sterreich: Professionelle Dienstleister f\u00fcr Filme und Luftaufnahmen, Schulungen, Flugtrainings, Drohnen Service und Drohnen Shops!\" \/>\n<meta name=\"robots\" content=\"index, follow, max-snippet:-1, max-image-preview:large, max-video-preview:-1\" \/>\n<link rel=\"canonical\" href=\"https:\/\/airandmore.at\/branchenverzeichnis\/nutzungsbedingungen\/\" \/>\n<meta property=\"og:locale\" content=\"de_DE\" \/>\n<meta property=\"og:type\" content=\"article\" \/>\n<meta property=\"og:title\" content=\"Drohnen Branchenverzeichnis\" \/>\n<meta property=\"og:description\" content=\"COPTER&amp;CAMERA - Drohnen Unternehmen in Deutschland und \u00d6sterreich: Professionelle Dienstleister f\u00fcr Filme und Luftaufnahmen, Schulungen, Flugtrainings, Drohnen Service und Drohnen Shops!\" \/>\n<meta property=\"og:url\" content=\"https:\/\/airandmore.at\/branchenverzeichnis\/nutzungsbedingungen\/\" \/>\n<meta property=\"og:site_name\" content=\"Copter&amp;Camera\" \/>\n<meta property=\"article:modified_time\" content=\"2016-12-30T15:52:34+00:00\" \/>\n<meta name=\"twitter:card\" content=\"summary_large_image\" \/>\n<meta name=\"twitter:label1\" content=\"Gesch\u00e4tzte Lesezeit\" \/>\n\t<meta name=\"twitter:data1\" content=\"5\u00a0Minuten\" \/>\n<script type=\"application\/ld+json\" class=\"yoast-schema-graph\">{\"@context\":\"https:\/\/schema.org\",\"@graph\":[{\"@type\":\"WebPage\",\"@id\":\"https:\/\/airandmore.at\/branchenverzeichnis\/nutzungsbedingungen\/\",\"url\":\"https:\/\/airandmore.at\/branchenverzeichnis\/nutzungsbedingungen\/\",\"name\":\"Drohnen Branchenverzeichnis\",\"isPartOf\":{\"@id\":\"https:\/\/airandmore.at\/branchenverzeichnis\/#website\"},\"datePublished\":\"2015-01-23T14:40:52+00:00\",\"dateModified\":\"2016-12-30T15:52:34+00:00\",\"description\":\"COPTER&CAMERA - Drohnen Unternehmen in Deutschland und \u00d6sterreich: Professionelle Dienstleister f\u00fcr Filme und Luftaufnahmen, Schulungen, Flugtrainings, Drohnen Service und Drohnen Shops!\",\"breadcrumb\":{\"@id\":\"https:\/\/airandmore.at\/branchenverzeichnis\/nutzungsbedingungen\/#breadcrumb\"},\"inLanguage\":\"de\",\"potentialAction\":[{\"@type\":\"ReadAction\",\"target\":[\"https:\/\/airandmore.at\/branchenverzeichnis\/nutzungsbedingungen\/\"]}]},{\"@type\":\"BreadcrumbList\",\"@id\":\"https:\/\/airandmore.at\/branchenverzeichnis\/nutzungsbedingungen\/#breadcrumb\",\"itemListElement\":[{\"@type\":\"ListItem\",\"position\":1,\"name\":\"Startseite\",\"item\":\"https:\/\/airandmore.at\/branchenverzeichnis\/\"},{\"@type\":\"ListItem\",\"position\":2,\"name\":\"Nutzungsbedingungen\"}]},{\"@type\":\"WebSite\",\"@id\":\"https:\/\/airandmore.at\/branchenverzeichnis\/#website\",\"url\":\"https:\/\/airandmore.at\/branchenverzeichnis\/\",\"name\":\"Copter&Camera\",\"description\":\"In unserem Drohnen Verzeichnis findest Du Drohnen Hersteller, Drohnen H\u00e4ndler, Drohnen Filmer und viele andere Drohnen Dienstleister aus \u00d6sterreich, Deutschland und der Schweiz\",\"publisher\":{\"@id\":\"https:\/\/airandmore.at\/branchenverzeichnis\/#organization\"},\"potentialAction\":[{\"@type\":\"SearchAction\",\"target\":{\"@type\":\"EntryPoint\",\"urlTemplate\":\"https:\/\/airandmore.at\/branchenverzeichnis\/?s={search_term_string}\"},\"query-input\":{\"@type\":\"PropertyValueSpecification\",\"valueRequired\":true,\"valueName\":\"search_term_string\"}}],\"inLanguage\":\"de\"},{\"@type\":\"Organization\",\"@id\":\"https:\/\/airandmore.at\/branchenverzeichnis\/#organization\",\"name\":\"Copter&Camera\",\"url\":\"https:\/\/airandmore.at\/branchenverzeichnis\/\",\"logo\":{\"@type\":\"ImageObject\",\"inLanguage\":\"de\",\"@id\":\"https:\/\/airandmore.at\/branchenverzeichnis\/#\/schema\/logo\/image\/\",\"url\":\"https:\/\/airandmore.at\/branchenverzeichnis\/wp-content\/uploads\/copterundcamera2-1.png\",\"contentUrl\":\"https:\/\/airandmore.at\/branchenverzeichnis\/wp-content\/uploads\/copterundcamera2-1.png\",\"width\":251,\"height\":93,\"caption\":\"Copter&Camera\"},\"image\":{\"@id\":\"https:\/\/airandmore.at\/branchenverzeichnis\/#\/schema\/logo\/image\/\"}}]}<\/script>\n<!-- \/ Yoast SEO plugin. -->","yoast_head_json":{"title":"Drohnen Branchenverzeichnis","description":"COPTER&CAMERA - Drohnen Unternehmen in Deutschland und \u00d6sterreich: Professionelle Dienstleister f\u00fcr Filme und Luftaufnahmen, Schulungen, Flugtrainings, Drohnen Service und Drohnen Shops!","robots":{"index":"index","follow":"follow","max-snippet":"max-snippet:-1","max-image-preview":"max-image-preview:large","max-video-preview":"max-video-preview:-1"},"canonical":"https:\/\/airandmore.at\/branchenverzeichnis\/nutzungsbedingungen\/","og_locale":"de_DE","og_type":"article","og_title":"Drohnen Branchenverzeichnis","og_description":"COPTER&CAMERA - Drohnen Unternehmen in Deutschland und \u00d6sterreich: Professionelle Dienstleister f\u00fcr Filme und Luftaufnahmen, Schulungen, Flugtrainings, Drohnen Service und Drohnen Shops!","og_url":"https:\/\/airandmore.at\/branchenverzeichnis\/nutzungsbedingungen\/","og_site_name":"Copter&amp;Camera","article_modified_time":"2016-12-30T15:52:34+00:00","twitter_card":"summary_large_image","twitter_misc":{"Gesch\u00e4tzte Lesezeit":"5\u00a0Minuten"},"schema":{"@context":"https:\/\/schema.org","@graph":[{"@type":"WebPage","@id":"https:\/\/airandmore.at\/branchenverzeichnis\/nutzungsbedingungen\/","url":"https:\/\/airandmore.at\/branchenverzeichnis\/nutzungsbedingungen\/","name":"Drohnen Branchenverzeichnis","isPartOf":{"@id":"https:\/\/airandmore.at\/branchenverzeichnis\/#website"},"datePublished":"2015-01-23T14:40:52+00:00","dateModified":"2016-12-30T15:52:34+00:00","description":"COPTER&CAMERA - Drohnen Unternehmen in Deutschland und \u00d6sterreich: Professionelle Dienstleister f\u00fcr Filme und Luftaufnahmen, Schulungen, Flugtrainings, Drohnen Service und Drohnen Shops!","breadcrumb":{"@id":"https:\/\/airandmore.at\/branchenverzeichnis\/nutzungsbedingungen\/#breadcrumb"},"inLanguage":"de","potentialAction":[{"@type":"ReadAction","target":["https:\/\/airandmore.at\/branchenverzeichnis\/nutzungsbedingungen\/"]}]},{"@type":"BreadcrumbList","@id":"https:\/\/airandmore.at\/branchenverzeichnis\/nutzungsbedingungen\/#breadcrumb","itemListElement":[{"@type":"ListItem","position":1,"name":"Startseite","item":"https:\/\/airandmore.at\/branchenverzeichnis\/"},{"@type":"ListItem","position":2,"name":"Nutzungsbedingungen"}]},{"@type":"WebSite","@id":"https:\/\/airandmore.at\/branchenverzeichnis\/#website","url":"https:\/\/airandmore.at\/branchenverzeichnis\/","name":"Copter&Camera","description":"In unserem Drohnen Verzeichnis findest Du Drohnen Hersteller, Drohnen H\u00e4ndler, Drohnen Filmer und viele andere Drohnen Dienstleister aus \u00d6sterreich, Deutschland und der Schweiz","publisher":{"@id":"https:\/\/airandmore.at\/branchenverzeichnis\/#organization"},"potentialAction":[{"@type":"SearchAction","target":{"@type":"EntryPoint","urlTemplate":"https:\/\/airandmore.at\/branchenverzeichnis\/?s={search_term_string}"},"query-input":{"@type":"PropertyValueSpecification","valueRequired":true,"valueName":"search_term_string"}}],"inLanguage":"de"},{"@type":"Organization","@id":"https:\/\/airandmore.at\/branchenverzeichnis\/#organization","name":"Copter&Camera","url":"https:\/\/airandmore.at\/branchenverzeichnis\/","logo":{"@type":"ImageObject","inLanguage":"de","@id":"https:\/\/airandmore.at\/branchenverzeichnis\/#\/schema\/logo\/image\/","url":"https:\/\/airandmore.at\/branchenverzeichnis\/wp-content\/uploads\/copterundcamera2-1.png","contentUrl":"https:\/\/airandmore.at\/branchenverzeichnis\/wp-content\/uploads\/copterundcamera2-1.png","width":251,"height":93,"caption":"Copter&Camera"},"image":{"@id":"https:\/\/airandmore.at\/branchenverzeichnis\/#\/schema\/logo\/image\/"}}]}},"_links":{"self":[{"href":"https:\/\/airandmore.at\/branchenverzeichnis\/wp-json\/wp\/v2\/pages\/1764","targetHints":{"allow":["GET"]}}],"collection":[{"href":"https:\/\/airandmore.at\/branchenverzeichnis\/wp-json\/wp\/v2\/pages"}],"about":[{"href":"https:\/\/airandmore.at\/branchenverzeichnis\/wp-json\/wp\/v2\/types\/page"}],"author":[{"embeddable":true,"href":"https:\/\/airandmore.at\/branchenverzeichnis\/wp-json\/wp\/v2\/users\/282"}],"replies":[{"embeddable":true,"href":"https:\/\/airandmore.at\/branchenverzeichnis\/wp-json\/wp\/v2\/comments?post=1764"}],"version-history":[{"count":0,"href":"https:\/\/airandmore.at\/branchenverzeichnis\/wp-json\/wp\/v2\/pages\/1764\/revisions"}],"wp:attachment":[{"href":"https:\/\/airandmore.at\/branchenverzeichnis\/wp-json\/wp\/v2\/media?parent=1764"}],"curies":[{"name":"wp","href":"https:\/\/api.w.org\/{rel}","templated":true}]}}