{"id":1743,"date":"2015-01-23T14:01:25","date_gmt":"2015-01-23T13:01:25","guid":{"rendered":"http:\/\/airandmore.at\/branchenverzeichnis\/?page_id=1743"},"modified":"2019-03-16T12:43:51","modified_gmt":"2019-03-16T11:43:51","slug":"datenschutzerklaerung","status":"publish","type":"page","link":"https:\/\/airandmore.at\/branchenverzeichnis\/datenschutzerklaerung\/","title":{"rendered":"Datenschutzerkl\u00e4rung"},"content":{"rendered":"<h3>Datenschutz<\/h3>\n<p>Alle auf Copter&amp;Camera bekannt gegebenen Daten werden nicht verkauft, vermietet oder an Dritte weitergegeben. Eine Vervielf\u00e4ltigung, Verbreitung oder anderweitige Verwendung der Daten und\/oder Dienste ist nur im ausdr\u00fccklich zugelassenen Rahmen rechtm\u00e4\u00dfig. Die Preisgabe pers\u00f6nlicher oder gesch\u00e4ftlicher Daten innerhalb von Copter&amp;Camera erfolgt auf ausdr\u00fccklich freiwilliger Basis. Die Nutzung der im Impressum oder andersweitig ver\u00f6ffentlichten Kontaktdaten (Postanschriften, Telefon- und Faxnummern, eMail-Adressen) durch Dritte zur \u00dcbersendung von nicht ausdr\u00fccklich angeforderten Informationen ist nicht gestattet. Bei Verst\u00f6\u00dfen gegen dieses Verbot sind rechtliche Schritte gegen die Versender (etwa von Spam-eMails) ausdr\u00fccklich vorbehalten.<\/p>\n<p>Wir weisen darauf hin, dass die Daten\u00fcbertragung im Internet (z.B. bei der Kommunikation per E-Mail) Sicherheitsl\u00fccken aufweisen kann. Ein l\u00fcckenloser Schutz der Daten vor dem Zugriff durch Dritte ist nicht m\u00f6glich.<\/p>\n<h3>Datenschutzerkl\u00e4rung f\u00fcr die Nutzung von Facebook-Plugins\u00a0(Like-Button)<\/h3>\n<p>Auf unseren Seiten sind Plugins des sozialen Netzwerks Facebook\u00a0(Facebook Inc., 1601 Willow Road, Menlo Park, California, 94025, USA) integriert.\u00a0Die Facebook-Plugins erkennen Sie an dem Facebook-Logo oder\u00a0dem &#8222;Like-Button&#8220; (&#8222;Gef\u00e4llt mir&#8220;) auf unserer Seite. Eine \u00dcbersicht\u00a0\u00fcber die Facebook-Plugins finden Sie hier:\u00a0<a href=\"http:\/\/developers.facebook.com\/docs\/plugins\/\" target=\"_blank\" rel=\"noopener\">http:\/\/developers.facebook.com\/docs\/plugins\/<\/a>.<\/p>\n<p>Wenn Sie unsere Seiten\u00a0besuchen, wird \u00fcber das Plugin eine direkte Verbindung zwischen Ihrem\u00a0Browser und dem Facebook-Server hergestellt. Facebook erh\u00e4lt dadurch\u00a0die Information, dass Sie mit Ihrer IP-Adresse unsere Seite\u00a0besucht haben. Wenn Sie den Facebook &#8222;Like-Button&#8220; anklicken w\u00e4hrend\u00a0Sie in Ihrem Facebook-Account eingeloggt sind, k\u00f6nnen Sie die Inhalte\u00a0unserer Seiten auf Ihrem Facebook-Profil verlinken. Dadurch kann\u00a0Facebook den Besuch unserer Seiten Ihrem Benutzerkonto zuordnen. Wir\u00a0weisen darauf hin, dass wir als Anbieter der Seiten keine Kenntnis vom\u00a0Inhalt der \u00fcbermittelten Daten sowie deren Nutzung durch Facebook\u00a0erhalten. Weitere Informationen hierzu finden Sie in der\u00a0Datenschutzerkl\u00e4rung von facebook unter\u00a0<a href=\"http:\/\/de-de.facebook.com\/policy.php\" target=\"_blank\" rel=\"noopener\">http:\/\/de-de.facebook.com\/policy.php<\/a><\/p>\n<p>Wenn Sie nicht w\u00fcnschen, dass Facebook den Besuch unserer Seiten Ihrem\u00a0Facebook-Nutzerkonto zuordnen kann, loggen Sie sich bitte aus Ihrem\u00a0Facebook-Benutzerkonto aus.<\/p>\n<h3>Datenschutzerkl\u00e4rung f\u00fcr die Nutzung von Google Analytics<\/h3>\n<p>Diese Website benutzt Google Analytics, einen Webanalysedienst der Google Inc. (&#8222;Google&#8220;). Google Analytics verwendet sog. &#8222;Cookies&#8220;, Textdateien, die auf Ihrem Computer gespeichert werden und die eine Analyse der Benutzung der Website durch Sie erm\u00f6glichen. Die durch den Cookie erzeugten Informationen \u00fcber Ihre Benutzung dieser Website werden in der Regel an einen Server von Google in den USA \u00fcbertragen und dort gespeichert. Im Falle der Aktivierung der IP-Anonymisierung auf dieser Webseite wird Ihre IP-Adresse von Google jedoch innerhalb von Mitgliedstaaten der Europ\u00e4ischen Union oder in anderen Vertragsstaaten des Abkommens \u00fcber den Europ\u00e4ischen Wirtschaftsraum zuvor gek\u00fcrzt.<\/p>\n<p>Nur in Ausnahmef\u00e4llen wird die volle IP-Adresse an einen Server von Google in den USA \u00fcbertragen und dort gek\u00fcrzt. Im Auftrag des Betreibers dieser Website wird Google diese Informationen benutzen, um Ihre Nutzung der Website auszuwerten, um Reports \u00fcber die Websiteaktivit\u00e4ten zusammenzustellen und um weitere mit der Websitenutzung und der Internetnutzung verbundene Dienstleistungen gegen\u00fcber dem Websitebetreiber zu erbringen. Die im Rahmen von Google Analytics von Ihrem Browser \u00fcbermittelte IP-Adresse wird nicht mit anderen Daten von Google zusammengef\u00fchrt.<\/p>\n<p>Sie k\u00f6nnen die Speicherung der Cookies durch eine entsprechende Einstellung Ihrer Browser-Software verhindern; wir weisen Sie jedoch darauf hin, dass Sie in diesem Fall gegebenenfalls nicht s\u00e4mtliche Funktionen dieser Website vollumf\u00e4nglich werden nutzen k\u00f6nnen. Sie k\u00f6nnen dar\u00fcber hinaus die Erfassung der durch das Cookie erzeugten und auf Ihre Nutzung der Website bezogenen Daten (inkl. Ihrer IP-Adresse) an Google sowie die Verarbeitung dieser Daten durch Google verhindern, indem sie das unter dem folgenden Link verf\u00fcgbare Browser-Plugin herunterladen und installieren: <a href=\"http:\/\/tools.google.com\/dlpage\/gaoptout?hl=de\">http:\/\/tools.google.com\/dlpage\/gaoptout?hl=de<\/a>.<\/p>\n<h3>Datenschutzerkl\u00e4rung f\u00fcr die Nutzung von Google Adsense<\/h3>\n<p>Diese Website benutzt Google AdSense, einen Dienst zum Einbinden\u00a0von Werbeanzeigen der Google Inc. (&#8222;Google&#8220;). Google AdSense\u00a0verwendet sog. &#8222;Cookies&#8220;, Textdateien, die auf Ihrem Computer\u00a0gespeichert werden und die eine Analyse der Benutzung der Website\u00a0erm\u00f6glicht. Google AdSense verwendet auch so genannte Web Beacons\u00a0(unsichtbare Grafiken). Durch diese Web Beacons k\u00f6nnen Informationen\u00a0wie der Besucherverkehr auf diesen Seiten ausgewertet werden.<\/p>\n<p>Die durch Cookies und Web Beacons erzeugten Informationen \u00fcber\u00a0die Benutzung dieser Website (einschlie\u00dflich Ihrer IP-Adresse) und\u00a0Auslieferung von Werbeformaten werden an einen Server von Google\u00a0in den USA \u00fcbertragen und dort gespeichert. Diese Informationen k\u00f6nnen\u00a0von Google an Vertragspartner von Google weiter gegeben werden.\u00a0Google wird Ihre IP-Adresse jedoch nicht mit anderen von Ihnen\u00a0gespeicherten Daten zusammenf\u00fchren.<\/p>\n<p>Sie k\u00f6nnen die Installation der Cookies durch eine entsprechende\u00a0Einstellung Ihrer Browser Software verhindern; wir weisen Sie jedoch\u00a0darauf hin, dass Sie in diesem Fall gegebenenfalls nicht s\u00e4mtliche\u00a0Funktionen dieser Website voll umf\u00e4nglich nutzen k\u00f6nnen. Durch die\u00a0Nutzung dieser Website erkl\u00e4ren Sie sich mit der Bearbeitung der\u00a0\u00fcber Sie erhobenen Daten durch Google in der zuvor beschriebenen\u00a0Art und Weise und zu dem zuvor benannten Zweck einverstanden.<\/p>\n<h3>Datenschutzerkl\u00e4rung f\u00fcr die Nutzung von Google +1<\/h3>\n<p><i>Erfassung und Weitergabe von Informationen:<\/i><br \/>\nMithilfe der Google +1-Schaltfl\u00e4che k\u00f6nnen Sie Informationen weltweit\u00a0ver\u00f6ffentlichen. \u00dcber die Google\u00a0+1-Schaltfl\u00e4che erhalten Sie und andere\u00a0Nutzer personalisierte Inhalte von Google und unseren Partnern. Google\u00a0speichert sowohl die Information, dass Sie f\u00fcr einen Inhalt +1 gegeben\u00a0haben, als auch Informationen \u00fcber die Seite, die Sie beim Klicken auf\u00a0+1 angesehen haben. Ihre +1 k\u00f6nnen als Hinweise zusammen mit Ihrem\u00a0Profilnamen und Ihrem Foto in Google-Diensten, wie etwa in\u00a0Suchergebnissen oder in Ihrem Google-Profil, oder an anderen Stellen auf\u00a0Websites und Anzeigen im Internet eingeblendet werden.<\/p>\n<p>Google zeichnet Informationen \u00fcber Ihre +1-Aktivit\u00e4ten auf, um die\u00a0Google-Dienste f\u00fcr Sie und andere zu verbessern. Um die Google\u00a0+1-Schaltfl\u00e4che\u00a0verwenden zu k\u00f6nnen, ben\u00f6tigen Sie ein weltweit\u00a0sichtbares, \u00f6ffentliches Google-Profil, das zumindest den f\u00fcr das\u00a0Profil gew\u00e4hlten Namen enthalten muss. Dieser Name wird in allen\u00a0Google-Diensten verwendet. In manchen F\u00e4llen kann dieser Name auch\u00a0einen anderen Namen ersetzen, den Sie beim Teilen von Inhalten \u00fcber\u00a0Ihr Google-Konto verwendet haben. Die Identit\u00e4t Ihres Google-Profils\u00a0kann Nutzern angezeigt werden, die Ihre E-Mail-Adresse kennen oder\u00a0\u00fcber andere identifizierende Informationen von Ihnen verf\u00fcgen.<\/p>\n<p><i>Verwendung der erfassten Informationen:<\/i><br \/>\nNeben den oben erl\u00e4uterten Verwendungszwecken werden die von Ihnen\u00a0bereitgestellten Informationen gem\u00e4\u00df den geltenden\u00a0Google-Datenschutzbestimmungen genutzt. Google ver\u00f6ffentlicht\u00a0m\u00f6glicherweise zusammengefasste Statistiken \u00fcber die +1-Aktivit\u00e4ten\u00a0der Nutzer bzw. gibt diese an Nutzer und Partner weiter, wie etwa\u00a0Publisher, Inserenten oder verbundene Websites.<\/p>\n<h3>Datenschutzerkl\u00e4rung f\u00fcr die Nutzung von Twitter<\/h3>\n<p>Auf unseren Seiten sind Funktionen des Dienstes Twitter eingebunden.\u00a0Diese Funktionen werden angeboten durch die Twitter Inc., Twitter, Inc.\u00a01355 Market St, Suite 900, San Francisco, CA 94103, USA. Durch das Benutzen\u00a0von Twitter und der Funktion &#8222;Re-Tweet&#8220; werden die von Ihnen\u00a0besuchten Webseiten mit Ihrem Twitter-Account verkn\u00fcpft und anderen\u00a0Nutzern bekannt gegeben. Dabei werden auch Daten an Twitter \u00fcbertragen.<\/p>\n<p>Wir weisen darauf hin, dass wir als Anbieter der Seiten keine\u00a0Kenntnis vom Inhalt der \u00fcbermittelten Daten sowie deren Nutzung durch\u00a0Twitter erhalten. Weitere Informationen hierzu finden Sie in der\u00a0Datenschutzerkl\u00e4rung von Twitter unter\u00a0<a href=\"http:\/\/twitter.com\/privacy\" target=\"_blank\" rel=\"noopener\">http:\/\/twitter.com\/privacy<\/a>.<\/p>\n<p>Ihre Datenschutzeinstellungen bei Twitter k\u00f6nnen Sie in den\u00a0Konto-Einstellungen unter\u00a0<a href=\"http:\/\/twitter.com\/account\/settings\" target=\"_blank\" rel=\"noopener\">http:\/\/twitter.com\/account\/settings<\/a> \u00e4ndern.<\/p>\n<h3>Auskunft, L\u00f6schung, Sperrung<\/h3>\n<p>Sie haben jederzeit das Recht auf unentgeltliche Auskunft \u00fcber Ihre gespeicherten personenbezogenen Daten,\u00a0deren Herkunft und Empf\u00e4nger und den Zweck der Datenverarbeitung sowie ein Recht auf Berichtigung, Sperrung\u00a0oder L\u00f6schung dieser Daten. Hierzu sowie zu weiteren Fragen zum Thema personenbezogene Daten k\u00f6nnen Sie sich\u00a0jederzeit \u00fcber die im <a href=\"https:\/\/airandmore.at\/branchenverzeichnis\/datenschutzerklaerung\/\">Impressum<\/a> angegebene Adresse des Webseitenbetreibers an uns wenden.<\/p>\n<p>&nbsp;<\/p>\n","protected":false},"excerpt":{"rendered":"<p>Datenschutz Alle auf Copter&amp;Camera bekannt gegebenen Daten werden nicht verkauft, vermietet oder an Dritte weitergegeben. Eine Vervielf\u00e4ltigung, Verbreitung oder anderweitige Verwendung der Daten und\/oder Dienste ist nur im ausdr\u00fccklich zugelassenen Rahmen rechtm\u00e4\u00dfig. Die Preisgabe pers\u00f6nlicher oder gesch\u00e4ftlicher Daten innerhalb von Copter&amp;Camera erfolgt auf ausdr\u00fccklich freiwilliger Basis. Die Nutzung der im Impressum oder andersweitig ver\u00f6ffentlichten Kontaktdaten [&hellip;]<\/p>\n","protected":false},"author":282,"featured_media":0,"parent":0,"menu_order":0,"comment_status":"open","ping_status":"open","template":"","meta":{"footnotes":""},"class_list":["post-1743","page","type-page","status-publish","hentry"],"yoast_head":"<!-- This site is optimized with the Yoast SEO plugin v25.5 - https:\/\/yoast.com\/wordpress\/plugins\/seo\/ -->\n<title>Drohnen Branchenverzeichnis<\/title>\n<meta name=\"description\" content=\"COPTER&amp;CAMERA - Drohnen Unternehmen in Deutschland und \u00d6sterreich: Professionelle Dienstleister f\u00fcr Filme und Luftaufnahmen, Schulungen, Flugtrainings, Drohnen Service und Drohnen Shops!\" \/>\n<meta name=\"robots\" content=\"noindex, follow\" \/>\n<meta property=\"og:locale\" content=\"de_DE\" \/>\n<meta property=\"og:type\" content=\"article\" \/>\n<meta property=\"og:title\" content=\"Drohnen Branchenverzeichnis\" \/>\n<meta property=\"og:description\" content=\"COPTER&amp;CAMERA - Drohnen Unternehmen in Deutschland und \u00d6sterreich: Professionelle Dienstleister f\u00fcr Filme und Luftaufnahmen, Schulungen, Flugtrainings, Drohnen Service und Drohnen Shops!\" \/>\n<meta property=\"og:url\" content=\"https:\/\/airandmore.at\/branchenverzeichnis\/datenschutzerklaerung\/\" \/>\n<meta property=\"og:site_name\" content=\"Copter&amp;Camera\" \/>\n<meta property=\"article:modified_time\" content=\"2019-03-16T11:43:51+00:00\" \/>\n<meta name=\"twitter:card\" content=\"summary_large_image\" \/>\n<meta name=\"twitter:label1\" content=\"Gesch\u00e4tzte Lesezeit\" \/>\n\t<meta name=\"twitter:data1\" content=\"6\u00a0Minuten\" \/>\n<script type=\"application\/ld+json\" class=\"yoast-schema-graph\">{\"@context\":\"https:\/\/schema.org\",\"@graph\":[{\"@type\":\"WebPage\",\"@id\":\"https:\/\/airandmore.at\/branchenverzeichnis\/datenschutzerklaerung\/\",\"url\":\"https:\/\/airandmore.at\/branchenverzeichnis\/datenschutzerklaerung\/\",\"name\":\"Drohnen Branchenverzeichnis\",\"isPartOf\":{\"@id\":\"https:\/\/airandmore.at\/branchenverzeichnis\/#website\"},\"datePublished\":\"2015-01-23T13:01:25+00:00\",\"dateModified\":\"2019-03-16T11:43:51+00:00\",\"description\":\"COPTER&CAMERA - Drohnen Unternehmen in Deutschland und \u00d6sterreich: Professionelle Dienstleister f\u00fcr Filme und Luftaufnahmen, Schulungen, Flugtrainings, Drohnen Service und Drohnen Shops!\",\"breadcrumb\":{\"@id\":\"https:\/\/airandmore.at\/branchenverzeichnis\/datenschutzerklaerung\/#breadcrumb\"},\"inLanguage\":\"de\",\"potentialAction\":[{\"@type\":\"ReadAction\",\"target\":[\"https:\/\/airandmore.at\/branchenverzeichnis\/datenschutzerklaerung\/\"]}]},{\"@type\":\"BreadcrumbList\",\"@id\":\"https:\/\/airandmore.at\/branchenverzeichnis\/datenschutzerklaerung\/#breadcrumb\",\"itemListElement\":[{\"@type\":\"ListItem\",\"position\":1,\"name\":\"Startseite\",\"item\":\"https:\/\/airandmore.at\/branchenverzeichnis\/\"},{\"@type\":\"ListItem\",\"position\":2,\"name\":\"Datenschutzerkl\u00e4rung\"}]},{\"@type\":\"WebSite\",\"@id\":\"https:\/\/airandmore.at\/branchenverzeichnis\/#website\",\"url\":\"https:\/\/airandmore.at\/branchenverzeichnis\/\",\"name\":\"Copter&Camera\",\"description\":\"In unserem Drohnen Verzeichnis findest Du Drohnen Hersteller, Drohnen H\u00e4ndler, Drohnen Filmer und viele andere Drohnen Dienstleister aus \u00d6sterreich, Deutschland und der Schweiz\",\"publisher\":{\"@id\":\"https:\/\/airandmore.at\/branchenverzeichnis\/#organization\"},\"potentialAction\":[{\"@type\":\"SearchAction\",\"target\":{\"@type\":\"EntryPoint\",\"urlTemplate\":\"https:\/\/airandmore.at\/branchenverzeichnis\/?s={search_term_string}\"},\"query-input\":{\"@type\":\"PropertyValueSpecification\",\"valueRequired\":true,\"valueName\":\"search_term_string\"}}],\"inLanguage\":\"de\"},{\"@type\":\"Organization\",\"@id\":\"https:\/\/airandmore.at\/branchenverzeichnis\/#organization\",\"name\":\"Copter&Camera\",\"url\":\"https:\/\/airandmore.at\/branchenverzeichnis\/\",\"logo\":{\"@type\":\"ImageObject\",\"inLanguage\":\"de\",\"@id\":\"https:\/\/airandmore.at\/branchenverzeichnis\/#\/schema\/logo\/image\/\",\"url\":\"https:\/\/airandmore.at\/branchenverzeichnis\/wp-content\/uploads\/copterundcamera2-1.png\",\"contentUrl\":\"https:\/\/airandmore.at\/branchenverzeichnis\/wp-content\/uploads\/copterundcamera2-1.png\",\"width\":251,\"height\":93,\"caption\":\"Copter&Camera\"},\"image\":{\"@id\":\"https:\/\/airandmore.at\/branchenverzeichnis\/#\/schema\/logo\/image\/\"}}]}<\/script>\n<!-- \/ Yoast SEO plugin. -->","yoast_head_json":{"title":"Drohnen Branchenverzeichnis","description":"COPTER&CAMERA - Drohnen Unternehmen in Deutschland und \u00d6sterreich: Professionelle Dienstleister f\u00fcr Filme und Luftaufnahmen, Schulungen, Flugtrainings, Drohnen Service und Drohnen Shops!","robots":{"index":"noindex","follow":"follow"},"og_locale":"de_DE","og_type":"article","og_title":"Drohnen Branchenverzeichnis","og_description":"COPTER&CAMERA - Drohnen Unternehmen in Deutschland und \u00d6sterreich: Professionelle Dienstleister f\u00fcr Filme und Luftaufnahmen, Schulungen, Flugtrainings, Drohnen Service und Drohnen Shops!","og_url":"https:\/\/airandmore.at\/branchenverzeichnis\/datenschutzerklaerung\/","og_site_name":"Copter&amp;Camera","article_modified_time":"2019-03-16T11:43:51+00:00","twitter_card":"summary_large_image","twitter_misc":{"Gesch\u00e4tzte Lesezeit":"6\u00a0Minuten"},"schema":{"@context":"https:\/\/schema.org","@graph":[{"@type":"WebPage","@id":"https:\/\/airandmore.at\/branchenverzeichnis\/datenschutzerklaerung\/","url":"https:\/\/airandmore.at\/branchenverzeichnis\/datenschutzerklaerung\/","name":"Drohnen Branchenverzeichnis","isPartOf":{"@id":"https:\/\/airandmore.at\/branchenverzeichnis\/#website"},"datePublished":"2015-01-23T13:01:25+00:00","dateModified":"2019-03-16T11:43:51+00:00","description":"COPTER&CAMERA - Drohnen Unternehmen in Deutschland und \u00d6sterreich: Professionelle Dienstleister f\u00fcr Filme und Luftaufnahmen, Schulungen, Flugtrainings, Drohnen Service und Drohnen Shops!","breadcrumb":{"@id":"https:\/\/airandmore.at\/branchenverzeichnis\/datenschutzerklaerung\/#breadcrumb"},"inLanguage":"de","potentialAction":[{"@type":"ReadAction","target":["https:\/\/airandmore.at\/branchenverzeichnis\/datenschutzerklaerung\/"]}]},{"@type":"BreadcrumbList","@id":"https:\/\/airandmore.at\/branchenverzeichnis\/datenschutzerklaerung\/#breadcrumb","itemListElement":[{"@type":"ListItem","position":1,"name":"Startseite","item":"https:\/\/airandmore.at\/branchenverzeichnis\/"},{"@type":"ListItem","position":2,"name":"Datenschutzerkl\u00e4rung"}]},{"@type":"WebSite","@id":"https:\/\/airandmore.at\/branchenverzeichnis\/#website","url":"https:\/\/airandmore.at\/branchenverzeichnis\/","name":"Copter&Camera","description":"In unserem Drohnen Verzeichnis findest Du Drohnen Hersteller, Drohnen H\u00e4ndler, Drohnen Filmer und viele andere Drohnen Dienstleister aus \u00d6sterreich, Deutschland und der Schweiz","publisher":{"@id":"https:\/\/airandmore.at\/branchenverzeichnis\/#organization"},"potentialAction":[{"@type":"SearchAction","target":{"@type":"EntryPoint","urlTemplate":"https:\/\/airandmore.at\/branchenverzeichnis\/?s={search_term_string}"},"query-input":{"@type":"PropertyValueSpecification","valueRequired":true,"valueName":"search_term_string"}}],"inLanguage":"de"},{"@type":"Organization","@id":"https:\/\/airandmore.at\/branchenverzeichnis\/#organization","name":"Copter&Camera","url":"https:\/\/airandmore.at\/branchenverzeichnis\/","logo":{"@type":"ImageObject","inLanguage":"de","@id":"https:\/\/airandmore.at\/branchenverzeichnis\/#\/schema\/logo\/image\/","url":"https:\/\/airandmore.at\/branchenverzeichnis\/wp-content\/uploads\/copterundcamera2-1.png","contentUrl":"https:\/\/airandmore.at\/branchenverzeichnis\/wp-content\/uploads\/copterundcamera2-1.png","width":251,"height":93,"caption":"Copter&Camera"},"image":{"@id":"https:\/\/airandmore.at\/branchenverzeichnis\/#\/schema\/logo\/image\/"}}]}},"_links":{"self":[{"href":"https:\/\/airandmore.at\/branchenverzeichnis\/wp-json\/wp\/v2\/pages\/1743","targetHints":{"allow":["GET"]}}],"collection":[{"href":"https:\/\/airandmore.at\/branchenverzeichnis\/wp-json\/wp\/v2\/pages"}],"about":[{"href":"https:\/\/airandmore.at\/branchenverzeichnis\/wp-json\/wp\/v2\/types\/page"}],"author":[{"embeddable":true,"href":"https:\/\/airandmore.at\/branchenverzeichnis\/wp-json\/wp\/v2\/users\/282"}],"replies":[{"embeddable":true,"href":"https:\/\/airandmore.at\/branchenverzeichnis\/wp-json\/wp\/v2\/comments?post=1743"}],"version-history":[{"count":0,"href":"https:\/\/airandmore.at\/branchenverzeichnis\/wp-json\/wp\/v2\/pages\/1743\/revisions"}],"wp:attachment":[{"href":"https:\/\/airandmore.at\/branchenverzeichnis\/wp-json\/wp\/v2\/media?parent=1743"}],"curies":[{"name":"wp","href":"https:\/\/api.w.org\/{rel}","templated":true}]}}